{"id":1256,"date":"2022-08-15T17:42:36","date_gmt":"2022-08-15T17:42:36","guid":{"rendered":"https:\/\/demo.creativethemes.com\/elementor\/catering\/?page_id=3"},"modified":"2023-09-06T23:31:08","modified_gmt":"2023-09-06T23:31:08","slug":"termos-condicoes","status":"publish","type":"page","link":"https:\/\/joaocarlosgranadeiro.com\/en\/termos-condicoes\/","title":{"rendered":""},"content":{"rendered":"\t\t<div data-elementor-type=\"wp-page\" data-elementor-id=\"1256\" class=\"elementor elementor-1256\">\n\t\t\t\t\t\t<section class=\"elementor-section elementor-top-section elementor-element elementor-element-1068f19d elementor-section-boxed elementor-section-height-default elementor-section-height-default\" data-id=\"1068f19d\" data-element_type=\"section\" data-e-type=\"section\">\n\t\t\t\t\t\t<div class=\"elementor-container elementor-column-gap-default\">\n\t\t\t\t\t<div class=\"elementor-column elementor-col-100 elementor-top-column elementor-element elementor-element-4e5caf\" data-id=\"4e5caf\" data-element_type=\"column\" data-e-type=\"column\">\n\t\t\t<div class=\"elementor-widget-wrap elementor-element-populated\">\n\t\t\t\t\t\t<div class=\"elementor-element elementor-element-124290a elementor-widget elementor-widget-text-editor\" data-id=\"124290a\" data-element_type=\"widget\" data-e-type=\"widget\" data-widget_type=\"text-editor.default\">\n\t\t\t\t<div class=\"elementor-widget-container\">\n\t\t\t\t\t\t\t\t\t\n<h2 class=\"wp-block-heading\">\u00a0<\/h2>\n<h2 class=\"wp-block-heading\"><strong>Termos e Condi\u00e7\u00f5es<\/strong><\/h2>\n\n<p>Bem-vindo ao nosso site! Ao continuar a navegar e utilizar este site, est\u00e1 a concordar com os seguintes termos e condi\u00e7\u00f5es de uso, que, juntamente com a nossa pol\u00edtica de privacidade, regem o relacionamento entre voc\u00ea e o nosso site. Se n\u00e3o concordar com qualquer parte destes termos e condi\u00e7\u00f5es, por favor n\u00e3o utilize o nosso site.<\/p>\n\n<p><strong>Uso do Site:<\/strong><\/p>\n\n<ol class=\"wp-block-list\">\n<li>O conte\u00fado das p\u00e1ginas deste site \u00e9 apenas para informa\u00e7\u00e3o geral e est\u00e1 sujeito a altera\u00e7\u00f5es sem aviso pr\u00e9vio.<\/li>\n\n<li>O uso deste site \u00e9 por sua conta e risco. N\u00e3o nos responsabilizamos por informa\u00e7\u00f5es imprecisas ou inadequadas encontradas no site.<\/li>\n\n<li>Este site pode conter links para outros sites. Esses links s\u00e3o fornecidos apenas para sua conveni\u00eancia e n\u00e3o implicam que endossamos esses sites. N\u00e3o somos respons\u00e1veis pelo conte\u00fado de sites de terceiros.<\/li>\n<\/ol>\n\n<p><strong>Propriedade Intelectual:<\/strong><\/p>\n\n<ol class=\"wp-block-list\" start=\"4\">\n<li>Todo o conte\u00fado deste site, incluindo texto, gr\u00e1ficos, log\u00f3tipos, imagens e software, \u00e9 propriedade nossa ou de terceiros licenciados. Este conte\u00fado est\u00e1 protegido por leis de direitos autorais e outras leis de propriedade intelectual.<\/li>\n\n<li>\u00c9 proibida a reprodu\u00e7\u00e3o, distribui\u00e7\u00e3o, republica\u00e7\u00e3o ou qualquer outra utiliza\u00e7\u00e3o n\u00e3o autorizada do conte\u00fado deste site.<\/li>\n<\/ol>\n\n<p><strong>Privacidade:<\/strong><\/p>\n\n<ol class=\"wp-block-list\" start=\"6\">\n<li>Os seus dados pessoais est\u00e3o sujeitos \u00e0 nossa pol\u00edtica de privacidade, que pode ser encontrada [<a title=\"\" href=\"\/wp\/privacy-policy-2\">aqui<\/a>] .<\/li>\n<\/ol>\n\n<p><strong>Limita\u00e7\u00e3o de Responsabilidade:<\/strong><\/p>\n\n<ol class=\"wp-block-list\" start=\"7\">\n<li>N\u00e3o nos responsabilizamos por qualquer perda ou dano, direto ou indireto, resultante do uso deste site ou da informa\u00e7\u00e3o nele contida.<\/li>\n<\/ol>\n\n<p><strong>Lei Aplic\u00e1vel:<\/strong><\/p>\n\n<ol class=\"wp-block-list\" start=\"8\">\n<li>Estes termos e condi\u00e7\u00f5es s\u00e3o regidos pelas leis de Portugal e qualquer disputa ser\u00e1 submetida \u00e0 jurisdi\u00e7\u00e3o dos tribunais portugueses.<\/li>\n<\/ol>\n\n<p>Ao utilizar este site, concorda em cumprir estes termos e condi\u00e7\u00f5es. Se tiver alguma d\u00favida ou preocupa\u00e7\u00e3o, por favor entre em contato connosco : info@joaocarlosgranadeiro.com<\/p>\n\t\t\t\t\t\t\t\t<\/div>\n\t\t\t\t<\/div>\n\t\t\t\t\t<\/div>\n\t\t<\/div>\n\t\t\t\t\t<\/div>\n\t\t<\/section>\n\t\t\t\t<\/div>\n\t\t","protected":false},"excerpt":{"rendered":"<p>\u00a0 Termos e Condi\u00e7\u00f5es Bem-vindo ao nosso site! Ao continuar a navegar e utilizar este site, est\u00e1 a concordar com os seguintes termos e condi\u00e7\u00f5es de uso, que, juntamente com a nossa pol\u00edtica de privacidade, regem o relacionamento entre voc\u00ea e o nosso site. Se n\u00e3o concordar com qualquer parte destes termos e condi\u00e7\u00f5es, por [&hellip;]<\/p>\n","protected":false},"author":1,"featured_media":0,"parent":0,"menu_order":0,"comment_status":"closed","ping_status":"closed","template":"elementor_theme","meta":{"om_disable_all_campaigns":false,"_monsterinsights_skip_tracking":false,"_monsterinsights_sitenote_active":false,"_monsterinsights_sitenote_note":"","_monsterinsights_sitenote_category":0,"footnotes":""},"class_list":["post-1256","page","type-page","status-publish","hentry"],"blocksy_meta":[],"_links":{"self":[{"href":"https:\/\/joaocarlosgranadeiro.com\/en\/wp-json\/wp\/v2\/pages\/1256","targetHints":{"allow":["GET"]}}],"collection":[{"href":"https:\/\/joaocarlosgranadeiro.com\/en\/wp-json\/wp\/v2\/pages"}],"about":[{"href":"https:\/\/joaocarlosgranadeiro.com\/en\/wp-json\/wp\/v2\/types\/page"}],"author":[{"embeddable":true,"href":"https:\/\/joaocarlosgranadeiro.com\/en\/wp-json\/wp\/v2\/users\/1"}],"replies":[{"embeddable":true,"href":"https:\/\/joaocarlosgranadeiro.com\/en\/wp-json\/wp\/v2\/comments?post=1256"}],"version-history":[{"count":8,"href":"https:\/\/joaocarlosgranadeiro.com\/en\/wp-json\/wp\/v2\/pages\/1256\/revisions"}],"predecessor-version":[{"id":1756,"href":"https:\/\/joaocarlosgranadeiro.com\/en\/wp-json\/wp\/v2\/pages\/1256\/revisions\/1756"}],"wp:attachment":[{"href":"https:\/\/joaocarlosgranadeiro.com\/en\/wp-json\/wp\/v2\/media?parent=1256"}],"curies":[{"name":"wp","href":"https:\/\/api.w.org\/{rel}","templated":true}]}}